{"id":1177,"date":"2025-11-27T20:02:15","date_gmt":"2025-11-27T20:02:15","guid":{"rendered":"https:\/\/ihsettlement.ca\/support-resources\/"},"modified":"2026-01-31T01:11:33","modified_gmt":"2026-01-31T01:11:33","slug":"ressources","status":"publish","type":"page","link":"https:\/\/ihsettlement.ca\/fr\/ressources\/","title":{"rendered":"Soutiens et ressources"},"content":{"rendered":"","protected":false},"excerpt":{"rendered":"","protected":false},"author":2,"featured_media":0,"parent":0,"menu_order":0,"comment_status":"closed","ping_status":"closed","template":"","meta":{"_acf_changed":false,"content-type":"","inline_featured_image":false,"_links_to":"","_links_to_target":""},"class_list":["post-1177","page","type-page","status-publish","hentry"],"acf":[],"yoast_head":"<!-- This site is optimized with the Yoast SEO plugin v27.2 - https:\/\/yoast.com\/product\/yoast-seo-wordpress\/ -->\n<title>Soutiens et ressources - Federal Indian Hospitals Settlement<\/title>\n<meta name=\"description\" content=\"D\u00e9couvrez des soutiens et des ressources gratuits pour comprendre le r\u00e8glement des h\u00f4pitaux f\u00e9d\u00e9raux indiens, soumettre une demande d\u2019indemnisation et obtenir de l\u2019aide pour les demandeurs, les communaut\u00e9s et les avocats.\" \/>\n<meta name=\"robots\" content=\"index, follow, max-snippet:-1, max-image-preview:large, max-video-preview:-1\" \/>\n<link rel=\"canonical\" href=\"https:\/\/ihsettlement.ca\/fr\/ressources\/\" \/>\n<meta property=\"og:locale\" content=\"fr_FR\" \/>\n<meta property=\"og:type\" content=\"article\" \/>\n<meta property=\"og:title\" content=\"Soutiens et ressources | R\u00e8glement des h\u00f4pitaux f\u00e9d\u00e9raux indiens\" \/>\n<meta property=\"og:description\" content=\"D\u00e9couvrez des soutiens et des ressources gratuits pour comprendre le r\u00e8glement des h\u00f4pitaux f\u00e9d\u00e9raux indiens, soumettre une demande d\u2019indemnisation et obtenir de l\u2019aide pour les demandeurs, les communaut\u00e9s et les avocats.\" \/>\n<meta property=\"og:url\" content=\"https:\/\/ihsettlement.ca\/fr\/ressources\/\" \/>\n<meta property=\"og:site_name\" content=\"Federal Indian Hospitals Settlement\" \/>\n<meta property=\"article:modified_time\" content=\"2026-01-31T01:11:33+00:00\" \/>\n<meta property=\"og:image\" content=\"https:\/\/ihsettlement.ca\/wp-content\/uploads\/2026\/01\/cropped-IH-Icon-4C-1.png\" \/>\n\t<meta property=\"og:image:width\" content=\"512\" \/>\n\t<meta property=\"og:image:height\" content=\"512\" \/>\n\t<meta property=\"og:image:type\" content=\"image\/png\" \/>\n<meta name=\"twitter:card\" content=\"summary_large_image\" \/>\n<script type=\"application\/ld+json\" class=\"yoast-schema-graph\">{\"@context\":\"https:\/\/schema.org\",\"@graph\":[{\"@type\":\"WebPage\",\"@id\":\"https:\/\/ihsettlement.ca\/fr\/ressources\/\",\"url\":\"https:\/\/ihsettlement.ca\/fr\/ressources\/\",\"name\":\"Soutiens et ressources - Federal Indian Hospitals Settlement\",\"isPartOf\":{\"@id\":\"https:\/\/ihsettlement.ca\/fr\/#website\"},\"datePublished\":\"2025-11-27T20:02:15+00:00\",\"dateModified\":\"2026-01-31T01:11:33+00:00\",\"description\":\"D\u00e9couvrez des soutiens et des ressources gratuits pour comprendre le r\u00e8glement des h\u00f4pitaux f\u00e9d\u00e9raux indiens, soumettre une demande d\u2019indemnisation et obtenir de l\u2019aide pour les demandeurs, les communaut\u00e9s et les avocats.\",\"breadcrumb\":{\"@id\":\"https:\/\/ihsettlement.ca\/fr\/ressources\/#breadcrumb\"},\"inLanguage\":\"fr-FR\",\"potentialAction\":[{\"@type\":\"ReadAction\",\"target\":[\"https:\/\/ihsettlement.ca\/fr\/ressources\/\"]}]},{\"@type\":\"BreadcrumbList\",\"@id\":\"https:\/\/ihsettlement.ca\/fr\/ressources\/#breadcrumb\",\"itemListElement\":[{\"@type\":\"ListItem\",\"position\":1,\"name\":\"Home\",\"item\":\"https:\/\/ihsettlement.ca\/fr\/\"},{\"@type\":\"ListItem\",\"position\":2,\"name\":\"Soutiens et ressources\"}]},{\"@type\":\"WebSite\",\"@id\":\"https:\/\/ihsettlement.ca\/fr\/#website\",\"url\":\"https:\/\/ihsettlement.ca\/fr\/\",\"name\":\"Federal Indian Hospitals Settlement\",\"description\":\"\",\"potentialAction\":[{\"@type\":\"SearchAction\",\"target\":{\"@type\":\"EntryPoint\",\"urlTemplate\":\"https:\/\/ihsettlement.ca\/fr\/?s={search_term_string}\"},\"query-input\":{\"@type\":\"PropertyValueSpecification\",\"valueRequired\":true,\"valueName\":\"search_term_string\"}}],\"inLanguage\":\"fr-FR\"}]}<\/script>\n<!-- \/ Yoast SEO plugin. -->","yoast_head_json":{"title":"Soutiens et ressources - Federal Indian Hospitals Settlement","description":"D\u00e9couvrez des soutiens et des ressources gratuits pour comprendre le r\u00e8glement des h\u00f4pitaux f\u00e9d\u00e9raux indiens, soumettre une demande d\u2019indemnisation et obtenir de l\u2019aide pour les demandeurs, les communaut\u00e9s et les avocats.","robots":{"index":"index","follow":"follow","max-snippet":"max-snippet:-1","max-image-preview":"max-image-preview:large","max-video-preview":"max-video-preview:-1"},"canonical":"https:\/\/ihsettlement.ca\/fr\/ressources\/","og_locale":"fr_FR","og_type":"article","og_title":"Soutiens et ressources | R\u00e8glement des h\u00f4pitaux f\u00e9d\u00e9raux indiens","og_description":"D\u00e9couvrez des soutiens et des ressources gratuits pour comprendre le r\u00e8glement des h\u00f4pitaux f\u00e9d\u00e9raux indiens, soumettre une demande d\u2019indemnisation et obtenir de l\u2019aide pour les demandeurs, les communaut\u00e9s et les avocats.","og_url":"https:\/\/ihsettlement.ca\/fr\/ressources\/","og_site_name":"Federal Indian Hospitals Settlement","article_modified_time":"2026-01-31T01:11:33+00:00","og_image":[{"width":512,"height":512,"url":"https:\/\/ihsettlement.ca\/wp-content\/uploads\/2026\/01\/cropped-IH-Icon-4C-1.png","type":"image\/png"}],"twitter_card":"summary_large_image","schema":{"@context":"https:\/\/schema.org","@graph":[{"@type":"WebPage","@id":"https:\/\/ihsettlement.ca\/fr\/ressources\/","url":"https:\/\/ihsettlement.ca\/fr\/ressources\/","name":"Soutiens et ressources - Federal Indian Hospitals Settlement","isPartOf":{"@id":"https:\/\/ihsettlement.ca\/fr\/#website"},"datePublished":"2025-11-27T20:02:15+00:00","dateModified":"2026-01-31T01:11:33+00:00","description":"D\u00e9couvrez des soutiens et des ressources gratuits pour comprendre le r\u00e8glement des h\u00f4pitaux f\u00e9d\u00e9raux indiens, soumettre une demande d\u2019indemnisation et obtenir de l\u2019aide pour les demandeurs, les communaut\u00e9s et les avocats.","breadcrumb":{"@id":"https:\/\/ihsettlement.ca\/fr\/ressources\/#breadcrumb"},"inLanguage":"fr-FR","potentialAction":[{"@type":"ReadAction","target":["https:\/\/ihsettlement.ca\/fr\/ressources\/"]}]},{"@type":"BreadcrumbList","@id":"https:\/\/ihsettlement.ca\/fr\/ressources\/#breadcrumb","itemListElement":[{"@type":"ListItem","position":1,"name":"Home","item":"https:\/\/ihsettlement.ca\/fr\/"},{"@type":"ListItem","position":2,"name":"Soutiens et ressources"}]},{"@type":"WebSite","@id":"https:\/\/ihsettlement.ca\/fr\/#website","url":"https:\/\/ihsettlement.ca\/fr\/","name":"Federal Indian Hospitals Settlement","description":"","potentialAction":[{"@type":"SearchAction","target":{"@type":"EntryPoint","urlTemplate":"https:\/\/ihsettlement.ca\/fr\/?s={search_term_string}"},"query-input":{"@type":"PropertyValueSpecification","valueRequired":true,"valueName":"search_term_string"}}],"inLanguage":"fr-FR"}]}},"_links":{"self":[{"href":"https:\/\/ihsettlement.ca\/fr\/wp-json\/wp\/v2\/pages\/1177","targetHints":{"allow":["GET"]}}],"collection":[{"href":"https:\/\/ihsettlement.ca\/fr\/wp-json\/wp\/v2\/pages"}],"about":[{"href":"https:\/\/ihsettlement.ca\/fr\/wp-json\/wp\/v2\/types\/page"}],"author":[{"embeddable":true,"href":"https:\/\/ihsettlement.ca\/fr\/wp-json\/wp\/v2\/users\/2"}],"replies":[{"embeddable":true,"href":"https:\/\/ihsettlement.ca\/fr\/wp-json\/wp\/v2\/comments?post=1177"}],"version-history":[{"count":0,"href":"https:\/\/ihsettlement.ca\/fr\/wp-json\/wp\/v2\/pages\/1177\/revisions"}],"wp:attachment":[{"href":"https:\/\/ihsettlement.ca\/fr\/wp-json\/wp\/v2\/media?parent=1177"}],"curies":[{"name":"wp","href":"https:\/\/api.w.org\/{rel}","templated":true}]}}